{"id":134,"date":"2017-12-02T17:30:13","date_gmt":"2017-12-02T17:30:13","guid":{"rendered":"https:\/\/ramtotec.shelfinger.eu\/index.php\/impressum\/"},"modified":"2018-05-24T06:51:20","modified_gmt":"2018-05-24T06:51:20","slug":"impressum","status":"publish","type":"page","link":"https:\/\/www.ramtotec.com\/de\/impressum\/","title":{"rendered":"Impressum"},"content":{"rendered":"<p>RAMtoTEC GMBH<br \/>\nEdisonstrasse 16<br \/>\n86399 Bobingen<br \/>\nTel.: +49 8234 9661910<br \/>\nEmail: office@ramtotec.com<\/p>\n<p>Gesch\u00e4ftsf\u00fchrer: Fulvio Falda<br \/>\nUmsatzsteuer \u2013 Identifikationsnummer gem\u00e4\u00df \u00a7 27a Umsatzsteuergesetz: DE 286 835 970<br \/>\nInhaltlich Verantwortlicher gem\u00e4\u00df \u00a710 MDStV: Fulvio Falda<\/p>\n<p>RAMtoTEC Italia Srl<br \/>\nVia Die Campi della Rienza 30<br \/>\n39031 BRUNICO (BZ)<br \/>\nNumero REA: BZ &#8211; 218170 &#8211; P. Iva IT02937470215 &#8211; C.F. 02937470215<\/p>\n<p>Photo &#038; Content:<br \/>\n<a href=\"https:\/\/www.ramtotec.com\" rel=\"noopener\" target=\"_blank\">RAMtoTEC<\/a><\/p>\n<p>Design:<br \/>\n<a href=\"http:\/\/pinky-and-brain.de\">pinky&amp;brain<\/a><\/p>\n<p>Urheberrecht<br \/>\nZur gesch\u00e4ftlichen Benutzung der Bilder oder Texte aus diesen Websites ben\u00f6tigen Sie die schriftliche Zustimmung der RAMtoTEC GmbH, und\/oder deren Lizenzgebern. Zuwiderhandlungen k\u00f6nnten zu strafrechtlichen Konsequenzen f\u00fchren.<br \/>\nHAFTUNGSAUSSCHLUSS<br \/>\nMit Urteil vom 12. Mai 1998 hat das Landgericht Hamburg entschieden, dass man durch die Ausbringung eines Links die Inhalte der gelinkten Seite ggf. mit zu verantworten hat. Dies kann, so das LG, nur dadurch verhindert werden, dass man sich ausdr\u00fccklich von diesen Inhalten distanziert.<br \/>\nDie RAMtoTEC GmbH hat auf ihre Seite Links zu anderen Seiten im Internet gelegt. F\u00fcr all diese Links gilt: Die RAMToTEC GmbH betont ausdr\u00fccklich, dass sie keinerlei Einfluss auf die Gestaltung und die Inhalte der gelinkten Seiten hat und sie sowohl Gestaltung als auch Inhalt nicht zu vertreten hat.<br \/>\nDiese Erkl\u00e4rung gilt f\u00fcr alle auf der Homepage ausgebrachten Links und f\u00fcr alle Inhalte der Seiten, zu denen die Links f\u00fchren.<\/p>\n","protected":false},"excerpt":{"rendered":"<p>RAMtoTEC GMBH Edisonstrasse 16 86399 Bobingen Tel.: +49 8234 9661910 Email: office@ramtotec.com Gesch\u00e4ftsf\u00fchrer: Fulvio Falda Umsatzsteuer \u2013 Identifikationsnummer gem\u00e4\u00df \u00a7 27a Umsatzsteuergesetz: DE 286 835 970 Inhaltlich Verantwortlicher gem\u00e4\u00df \u00a710 MDStV: Fulvio Falda RAMtoTEC Italia Srl Via Die Campi della Rienza 30 39031 BRUNICO (BZ) Numero REA: BZ &#8211; 218170 &#8211; P. Iva IT02937470215 &#8211; [&hellip;]<\/p>\n","protected":false},"author":1,"featured_media":0,"parent":0,"menu_order":0,"comment_status":"closed","ping_status":"closed","template":"","meta":{"_et_pb_use_builder":"","_et_pb_old_content":"","_et_gb_content_width":"","footnotes":""},"class_list":["post-134","page","type-page","status-publish","hentry"],"yoast_head":"<!-- This site is optimized with the Yoast SEO plugin v27.3 - https:\/\/yoast.com\/product\/yoast-seo-wordpress\/ -->\n<title>Impressum - RAMtoTEC<\/title>\n<meta name=\"robots\" content=\"index, follow, max-snippet:-1, max-image-preview:large, max-video-preview:-1\" \/>\n<link rel=\"canonical\" href=\"https:\/\/www.ramtotec.com\/de\/impressum\/\" \/>\n<meta property=\"og:locale\" content=\"de_DE\" \/>\n<meta property=\"og:type\" content=\"article\" \/>\n<meta property=\"og:title\" content=\"Impressum - RAMtoTEC\" \/>\n<meta property=\"og:description\" content=\"RAMtoTEC GMBH Edisonstrasse 16 86399 Bobingen Tel.: +49 8234 9661910 Email: office@ramtotec.com Gesch\u00e4ftsf\u00fchrer: Fulvio Falda Umsatzsteuer \u2013 Identifikationsnummer gem\u00e4\u00df \u00a7 27a Umsatzsteuergesetz: DE 286 835 970 Inhaltlich Verantwortlicher gem\u00e4\u00df \u00a710 MDStV: Fulvio Falda RAMtoTEC Italia Srl Via Die Campi della Rienza 30 39031 BRUNICO (BZ) Numero REA: BZ &#8211; 218170 &#8211; P. Iva IT02937470215 &#8211; [&hellip;]\" \/>\n<meta property=\"og:url\" content=\"https:\/\/www.ramtotec.com\/de\/impressum\/\" \/>\n<meta property=\"og:site_name\" content=\"RAMtoTEC\" \/>\n<meta property=\"article:modified_time\" content=\"2018-05-24T06:51:20+00:00\" \/>\n<meta name=\"twitter:card\" content=\"summary_large_image\" \/>\n<meta name=\"twitter:label1\" content=\"Gesch\u00e4tzte Lesezeit\" \/>\n\t<meta name=\"twitter:data1\" content=\"1\u00a0Minute\" \/>\n<script type=\"application\/ld+json\" class=\"yoast-schema-graph\">{\"@context\":\"https:\\\/\\\/schema.org\",\"@graph\":[{\"@type\":\"WebPage\",\"@id\":\"https:\\\/\\\/www.ramtotec.com\\\/de\\\/impressum\\\/\",\"url\":\"https:\\\/\\\/www.ramtotec.com\\\/de\\\/impressum\\\/\",\"name\":\"Impressum - RAMtoTEC\",\"isPartOf\":{\"@id\":\"https:\\\/\\\/www.ramtotec.com\\\/#website\"},\"datePublished\":\"2017-12-02T17:30:13+00:00\",\"dateModified\":\"2018-05-24T06:51:20+00:00\",\"breadcrumb\":{\"@id\":\"https:\\\/\\\/www.ramtotec.com\\\/de\\\/impressum\\\/#breadcrumb\"},\"inLanguage\":\"de\",\"potentialAction\":[{\"@type\":\"ReadAction\",\"target\":[\"https:\\\/\\\/www.ramtotec.com\\\/de\\\/impressum\\\/\"]}]},{\"@type\":\"BreadcrumbList\",\"@id\":\"https:\\\/\\\/www.ramtotec.com\\\/de\\\/impressum\\\/#breadcrumb\",\"itemListElement\":[{\"@type\":\"ListItem\",\"position\":1,\"name\":\"Home\",\"item\":\"https:\\\/\\\/www.ramtotec.com\\\/de\\\/\"},{\"@type\":\"ListItem\",\"position\":2,\"name\":\"Impressum\"}]},{\"@type\":\"WebSite\",\"@id\":\"https:\\\/\\\/www.ramtotec.com\\\/#website\",\"url\":\"https:\\\/\\\/www.ramtotec.com\\\/\",\"name\":\"RAMtoTEC\",\"description\":\"What do you exactly know?\",\"publisher\":{\"@id\":\"https:\\\/\\\/www.ramtotec.com\\\/#organization\"},\"potentialAction\":[{\"@type\":\"SearchAction\",\"target\":{\"@type\":\"EntryPoint\",\"urlTemplate\":\"https:\\\/\\\/www.ramtotec.com\\\/?s={search_term_string}\"},\"query-input\":{\"@type\":\"PropertyValueSpecification\",\"valueRequired\":true,\"valueName\":\"search_term_string\"}}],\"inLanguage\":\"de\"},{\"@type\":\"Organization\",\"@id\":\"https:\\\/\\\/www.ramtotec.com\\\/#organization\",\"name\":\"RAMtoTEC\",\"url\":\"https:\\\/\\\/www.ramtotec.com\\\/\",\"logo\":{\"@type\":\"ImageObject\",\"inLanguage\":\"de\",\"@id\":\"https:\\\/\\\/www.ramtotec.com\\\/#\\\/schema\\\/logo\\\/image\\\/\",\"url\":\"https:\\\/\\\/www.ramtotec.com\\\/wp-content\\\/uploads\\\/2017\\\/12\\\/RAMtoTEC_Logo.jpg\",\"contentUrl\":\"https:\\\/\\\/www.ramtotec.com\\\/wp-content\\\/uploads\\\/2017\\\/12\\\/RAMtoTEC_Logo.jpg\",\"width\":751,\"height\":450,\"caption\":\"RAMtoTEC\"},\"image\":{\"@id\":\"https:\\\/\\\/www.ramtotec.com\\\/#\\\/schema\\\/logo\\\/image\\\/\"}}]}<\/script>\n<!-- \/ Yoast SEO plugin. -->","yoast_head_json":{"title":"Impressum - RAMtoTEC","robots":{"index":"index","follow":"follow","max-snippet":"max-snippet:-1","max-image-preview":"max-image-preview:large","max-video-preview":"max-video-preview:-1"},"canonical":"https:\/\/www.ramtotec.com\/de\/impressum\/","og_locale":"de_DE","og_type":"article","og_title":"Impressum - RAMtoTEC","og_description":"RAMtoTEC GMBH Edisonstrasse 16 86399 Bobingen Tel.: +49 8234 9661910 Email: office@ramtotec.com Gesch\u00e4ftsf\u00fchrer: Fulvio Falda Umsatzsteuer \u2013 Identifikationsnummer gem\u00e4\u00df \u00a7 27a Umsatzsteuergesetz: DE 286 835 970 Inhaltlich Verantwortlicher gem\u00e4\u00df \u00a710 MDStV: Fulvio Falda RAMtoTEC Italia Srl Via Die Campi della Rienza 30 39031 BRUNICO (BZ) Numero REA: BZ &#8211; 218170 &#8211; P. Iva IT02937470215 &#8211; [&hellip;]","og_url":"https:\/\/www.ramtotec.com\/de\/impressum\/","og_site_name":"RAMtoTEC","article_modified_time":"2018-05-24T06:51:20+00:00","twitter_card":"summary_large_image","twitter_misc":{"Gesch\u00e4tzte Lesezeit":"1\u00a0Minute"},"schema":{"@context":"https:\/\/schema.org","@graph":[{"@type":"WebPage","@id":"https:\/\/www.ramtotec.com\/de\/impressum\/","url":"https:\/\/www.ramtotec.com\/de\/impressum\/","name":"Impressum - RAMtoTEC","isPartOf":{"@id":"https:\/\/www.ramtotec.com\/#website"},"datePublished":"2017-12-02T17:30:13+00:00","dateModified":"2018-05-24T06:51:20+00:00","breadcrumb":{"@id":"https:\/\/www.ramtotec.com\/de\/impressum\/#breadcrumb"},"inLanguage":"de","potentialAction":[{"@type":"ReadAction","target":["https:\/\/www.ramtotec.com\/de\/impressum\/"]}]},{"@type":"BreadcrumbList","@id":"https:\/\/www.ramtotec.com\/de\/impressum\/#breadcrumb","itemListElement":[{"@type":"ListItem","position":1,"name":"Home","item":"https:\/\/www.ramtotec.com\/de\/"},{"@type":"ListItem","position":2,"name":"Impressum"}]},{"@type":"WebSite","@id":"https:\/\/www.ramtotec.com\/#website","url":"https:\/\/www.ramtotec.com\/","name":"RAMtoTEC","description":"What do you exactly know?","publisher":{"@id":"https:\/\/www.ramtotec.com\/#organization"},"potentialAction":[{"@type":"SearchAction","target":{"@type":"EntryPoint","urlTemplate":"https:\/\/www.ramtotec.com\/?s={search_term_string}"},"query-input":{"@type":"PropertyValueSpecification","valueRequired":true,"valueName":"search_term_string"}}],"inLanguage":"de"},{"@type":"Organization","@id":"https:\/\/www.ramtotec.com\/#organization","name":"RAMtoTEC","url":"https:\/\/www.ramtotec.com\/","logo":{"@type":"ImageObject","inLanguage":"de","@id":"https:\/\/www.ramtotec.com\/#\/schema\/logo\/image\/","url":"https:\/\/www.ramtotec.com\/wp-content\/uploads\/2017\/12\/RAMtoTEC_Logo.jpg","contentUrl":"https:\/\/www.ramtotec.com\/wp-content\/uploads\/2017\/12\/RAMtoTEC_Logo.jpg","width":751,"height":450,"caption":"RAMtoTEC"},"image":{"@id":"https:\/\/www.ramtotec.com\/#\/schema\/logo\/image\/"}}]}},"_links":{"self":[{"href":"https:\/\/www.ramtotec.com\/de\/wp-json\/wp\/v2\/pages\/134","targetHints":{"allow":["GET"]}}],"collection":[{"href":"https:\/\/www.ramtotec.com\/de\/wp-json\/wp\/v2\/pages"}],"about":[{"href":"https:\/\/www.ramtotec.com\/de\/wp-json\/wp\/v2\/types\/page"}],"author":[{"embeddable":true,"href":"https:\/\/www.ramtotec.com\/de\/wp-json\/wp\/v2\/users\/1"}],"replies":[{"embeddable":true,"href":"https:\/\/www.ramtotec.com\/de\/wp-json\/wp\/v2\/comments?post=134"}],"version-history":[{"count":5,"href":"https:\/\/www.ramtotec.com\/de\/wp-json\/wp\/v2\/pages\/134\/revisions"}],"predecessor-version":[{"id":595,"href":"https:\/\/www.ramtotec.com\/de\/wp-json\/wp\/v2\/pages\/134\/revisions\/595"}],"wp:attachment":[{"href":"https:\/\/www.ramtotec.com\/de\/wp-json\/wp\/v2\/media?parent=134"}],"curies":[{"name":"wp","href":"https:\/\/api.w.org\/{rel}","templated":true}]}}