{"id":139,"date":"2017-12-02T17:32:35","date_gmt":"2017-12-02T17:32:35","guid":{"rendered":"https:\/\/ramtotec.shelfinger.eu\/index.php\/datenschutz\/"},"modified":"2018-05-31T20:07:37","modified_gmt":"2018-05-31T20:07:37","slug":"datenschutz","status":"publish","type":"page","link":"https:\/\/www.ramtotec.com\/de\/datenschutz\/","title":{"rendered":"Datenschutz"},"content":{"rendered":"<ol>\n<li><strong> Datenschutz auf einen Blick<\/strong><\/li>\n<\/ol>\n<p><strong>Allgemeine Hinweise<\/strong><\/p>\n<p>Die folgenden Hinweise geben einen einfachen \u00dcberblick dar\u00fcber, was mit Ihren personenbezogenen Daten passiert, wenn Sie unsere Website besuchen. Personenbezogene Daten sind alle Daten, mit denen Sie pers\u00f6nlich identifiziert werden k\u00f6nnen. Ausf\u00fchrliche Informationen zum Thema Datenschutz entnehmen Sie unserer unter diesem Text aufgef\u00fchrten Datenschutzerkl\u00e4rung.<\/p>\n<p><strong>Datenerfassung auf unserer Website<\/strong><\/p>\n<p><strong>Wer ist verantwortlich f\u00fcr die Datenerfassung auf dieser Website?<\/strong><\/p>\n<p>Die Datenverarbeitung auf dieser Website erfolgt durch den Websitebetreiber. Dessen Kontaktdaten k\u00f6nnen Sie dem Impressum dieser Website entnehmen.<\/p>\n<p><strong>Wie erfassen wir Ihre Daten?<\/strong><\/p>\n<p>Ihre Daten werden zum einen dadurch erhoben, dass Sie uns diese mitteilen. Hierbei kann es sich z.B. um Daten handeln, die Sie in ein Kontaktformular eingeben.<\/p>\n<p>Andere Daten werden automatisch beim Besuch der Website durch unsere IT-Systeme erfasst. Das sind vor allem technische Daten (z.B. Internetbrowser, Betriebssystem oder Uhrzeit des Seitenaufrufs). Die Erfassung dieser Daten erfolgt automatisch, sobald Sie unsere Website betreten.<\/p>\n<p><strong>Wof\u00fcr nutzen wir Ihre Daten?<\/strong><\/p>\n<p>Ein Teil der Daten wird erhoben, um eine fehlerfreie Bereitstellung der Website zu gew\u00e4hrleisten. Andere Daten k\u00f6nnen zur Analyse Ihres Nutzerverhaltens verwendet werden.<\/p>\n<p><strong>Welche Rechte haben Sie bez\u00fcglich Ihrer Daten?<\/strong><\/p>\n<p>Sie haben jederzeit das Recht unentgeltlich Auskunft \u00fcber Herkunft, Empf\u00e4nger und Zweck Ihrer gespeicherten personenbezogenen Daten zu erhalten. Sie haben au\u00dferdem ein Recht, die Berichtigung, Sperrung oder L\u00f6schung dieser Daten zu verlangen. Hierzu sowie zu weiteren Fragen zum Thema Datenschutz k\u00f6nnen Sie sich jederzeit unter der im Impressum angegebenen Adresse an uns wenden. Des Weiteren steht Ihnen ein Beschwerderecht bei der zust\u00e4ndigen Aufsichtsbeh\u00f6rde zu.<\/p>\n<p><strong>Analyse-Tools und Tools von Drittanbietern<\/strong><\/p>\n<p>Beim Besuch unserer Website kann Ihr Surf-Verhalten statistisch ausgewertet werden. Das geschieht vor allem mit Cookies und mit sogenannten Analyseprogrammen. Die Analyse Ihres Surf-Verhaltens erfolgt in der Regel anonym; das Surf-Verhalten kann nicht zu Ihnen zur\u00fcckverfolgt werden. Sie k\u00f6nnen dieser Analyse widersprechen oder sie durch die Nichtbenutzung bestimmter Tools verhindern. Detaillierte Informationen dazu finden Sie in der folgenden Datenschutzerkl\u00e4rung.<\/p>\n<p>Sie k\u00f6nnen dieser Analyse widersprechen. \u00dcber die Widerspruchsm\u00f6glichkeiten werden wir Sie in dieser Datenschutzerkl\u00e4rung informieren.<\/p>\n<ol start=\"2\">\n<li><strong> Allgemeine Hinweise und Pflichtinformationen<\/strong><\/li>\n<\/ol>\n<p><strong>Datenschutz<\/strong><\/p>\n<p>Die Betreiber dieser Seiten nehmen den Schutz Ihrer pers\u00f6nlichen Daten sehr ernst. Wir behandeln Ihre personenbezogenen Daten vertraulich und entsprechend der gesetzlichen Datenschutzvorschriften sowie dieser Datenschutzerkl\u00e4rung.<\/p>\n<p>Wenn Sie diese Website benutzen, werden verschiedene personenbezogene Daten erhoben. Personenbezogene Daten sind Daten, mit denen Sie pers\u00f6nlich identifiziert werden k\u00f6nnen. Die vorliegende Datenschutzerkl\u00e4rung erl\u00e4utert, welche Daten wir erheben und wof\u00fcr wir sie nutzen. Sie erl\u00e4utert auch, wie und zu welchem Zweck das geschieht.<\/p>\n<p>Wir weisen darauf hin, dass die Daten\u00fcbertragung im Internet (z.B. bei der Kommunikation per E-Mail) Sicherheitsl\u00fccken aufweisen kann. Ein l\u00fcckenloser Schutz der Daten vor dem Zugriff durch Dritte ist nicht m\u00f6glich.<\/p>\n<p><strong>Hinweis zur verantwortlichen Stelle<\/strong><\/p>\n<p>Die verantwortliche Stelle f\u00fcr die Datenverarbeitung auf dieser Website ist:<\/p>\n<p>RAMtoTEC GmbH<br \/>\nEdisonstrasse 16<br \/>\n86399, Bobingen<\/p>\n<p>Telefon: +49 8234 9661910<br \/>\nE-Mail: office@ramtotec.com<\/p>\n<p>Verantwortliche Stelle ist die nat\u00fcrliche oder juristische Person, die allein oder gemeinsam mit anderen \u00fcber die Zwecke und Mittel der Verarbeitung von personenbezogenen Daten (z.B. Namen, E-Mail-Adressen o. \u00c4.) entscheidet.<\/p>\n<p><strong>Widerruf Ihrer Einwilligung zur Datenverarbeitung<\/strong><\/p>\n<p>Viele Datenverarbeitungsvorg\u00e4nge sind nur mit Ihrer ausdr\u00fccklichen Einwilligung m\u00f6glich. Sie k\u00f6nnen eine bereits erteilte Einwilligung jederzeit widerrufen. Dazu reicht eine formlose Mitteilung per E-Mail an uns. Die Rechtm\u00e4\u00dfigkeit der bis zum Widerruf erfolgten Datenverarbeitung bleibt vom Widerruf unber\u00fchrt.<\/p>\n<p><strong>Beschwerderecht bei der zust\u00e4ndigen Aufsichtsbeh\u00f6rde<\/strong><\/p>\n<p>Im Falle datenschutzrechtlicher Verst\u00f6\u00dfe steht dem Betroffenen ein Beschwerderecht bei der zust\u00e4ndigen Aufsichtsbeh\u00f6rde zu. Zust\u00e4ndige Aufsichtsbeh\u00f6rde in datenschutzrechtlichen Fragen ist der Landesdatenschutzbeauftragte des Bundeslandes, in dem unser Unternehmen seinen Sitz hat. Eine Liste der Datenschutzbeauftragten sowie deren Kontaktdaten k\u00f6nnen folgendem Link entnommen werden:\u00a0<a href=\"https:\/\/www.bfdi.bund.de\/DE\/Infothek\/Anschriften_Links\/anschriften_links-node.html\">https:\/\/www.bfdi.bund.de\/DE\/Infothek\/Anschriften_Links\/anschriften_links-node.html<\/a>.<\/p>\n<p><strong>Recht auf Daten\u00fcbertragbarkeit<\/strong><\/p>\n<p>Sie haben das Recht, Daten, die wir auf Grundlage Ihrer Einwilligung oder in Erf\u00fcllung eines Vertrags automatisiert verarbeiten, an sich oder an einen Dritten in einem g\u00e4ngigen, maschinenlesbaren Format aush\u00e4ndigen zu lassen. Sofern Sie die direkte \u00dcbertragung der Daten an einen anderen Verantwortlichen verlangen, erfolgt dies nur, soweit es technisch machbar ist.<\/p>\n<p><strong>SSL- bzw. TLS-Verschl\u00fcsselung<\/strong><\/p>\n<p>Diese Seite nutzt aus Sicherheitsgr\u00fcnden und zum Schutz der \u00dcbertragung vertraulicher Inhalte, wie zum Beispiel Bestellungen oder Anfragen, die Sie an uns als Seitenbetreiber senden, eine SSL-bzw. TLS-Verschl\u00fcsselung. Eine verschl\u00fcsselte Verbindung erkennen Sie daran, dass die Adresszeile des Browsers von \u201chttp:\/\/\u201d auf \u201chttps:\/\/\u201d wechselt und an dem Schloss-Symbol in Ihrer Browserzeile.<\/p>\n<p>Wenn die SSL- bzw. TLS-Verschl\u00fcsselung aktiviert ist, k\u00f6nnen die Daten, die Sie an uns \u00fcbermitteln, nicht von Dritten mitgelesen werden.<\/p>\n<p><strong>Auskunft, Sperrung, L\u00f6schung<\/strong><\/p>\n<p>Sie haben im Rahmen der geltenden gesetzlichen Bestimmungen jederzeit das Recht auf unentgeltliche Auskunft \u00fcber Ihre gespeicherten personenbezogenen Daten, deren Herkunft und Empf\u00e4nger und den Zweck der Datenverarbeitung und ggf. ein Recht auf Berichtigung, Sperrung oder L\u00f6schung dieser Daten. Hierzu sowie zu weiteren Fragen zum Thema personenbezogene Daten k\u00f6nnen Sie sich jederzeit unter der im Impressum angegebenen Adresse an uns wenden.<\/p>\n<p><strong>Widerspruch gegen Werbe-Mails<\/strong><\/p>\n<p>Der Nutzung von im Rahmen der Impressumspflicht ver\u00f6ffentlichten Kontaktdaten zur \u00dcbersendung von nicht ausdr\u00fccklich angeforderter Werbung und Informationsmaterialien wird hiermit widersprochen. Die Betreiber der Seiten behalten sich ausdr\u00fccklich rechtliche Schritte im Falle der unverlangten Zusendung von Werbeinformationen, etwa durch Spam-E-Mails, vor.<\/p>\n<ol start=\"3\">\n<li><strong> Datenerfassung auf unserer Website<\/strong><\/li>\n<\/ol>\n<p><strong>Cookies<\/strong><\/p>\n<p>Die Internetseiten verwenden teilweise so genannte Cookies. Cookies richten auf Ihrem Rechner keinen Schaden an und enthalten keine Viren. Cookies dienen dazu, unser Angebot nutzerfreundlicher, effektiver und sicherer zu machen. Cookies sind kleine Textdateien, die auf Ihrem Rechner abgelegt werden und die Ihr Browser speichert.<\/p>\n<p>Die meisten der von uns verwendeten Cookies sind so genannte \u201cSession-Cookies\u201d. Sie werden nach Ende Ihres Besuchs automatisch gel\u00f6scht. Andere Cookies bleiben auf Ihrem Endger\u00e4t gespeichert bis Sie diese l\u00f6schen. Diese Cookies erm\u00f6glichen es uns, Ihren Browser beim n\u00e4chsten Besuch wiederzuerkennen.<\/p>\n<p>Sie k\u00f6nnen Ihren Browser so einstellen, dass Sie \u00fcber das Setzen von Cookies informiert werden und Cookies nur im Einzelfall erlauben, die Annahme von Cookies f\u00fcr bestimmte F\u00e4lle oder generell ausschlie\u00dfen sowie das automatische L\u00f6schen der Cookies beim Schlie\u00dfen des Browser aktivieren. Bei der Deaktivierung von Cookies kann die Funktionalit\u00e4t dieser Website eingeschr\u00e4nkt sein.<\/p>\n<p>Cookies, die zur Durchf\u00fchrung des elektronischen Kommunikationsvorgangs oder zur Bereitstellung bestimmter, von Ihnen erw\u00fcnschter Funktionen (z.B. Warenkorbfunktion) erforderlich sind, werden auf Grundlage von Art. 6 Abs. 1 lit. f DSGVO gespeichert. Der Websitebetreiber hat ein berechtigtes Interesse an der Speicherung von Cookies zur technisch fehlerfreien und optimierten Bereitstellung seiner Dienste. Soweit andere Cookies (z.B. Cookies zur Analyse Ihres Surfverhaltens) gespeichert werden, werden diese in dieser Datenschutzerkl\u00e4rung gesondert behandelt.<\/p>\n<p><strong>Kontaktformular<\/strong><\/p>\n<p>Wenn Sie uns per Kontaktformular Anfragen zukommen lassen, werden Ihre Angaben aus dem Anfrageformular inklusive der von Ihnen dort angegebenen Kontaktdaten zwecks Bearbeitung der Anfrage und f\u00fcr den Fall von Anschlussfragen bei uns gespeichert. Diese Daten geben wir nicht ohne Ihre Einwilligung weiter.<\/p>\n<p>Die Verarbeitung der in das Kontaktformular eingegebenen Daten erfolgt somit ausschlie\u00dflich auf Grundlage Ihrer Einwilligung (Art. 6 Abs. 1 lit. a DSGVO). Sie k\u00f6nnen diese Einwilligung jederzeit widerrufen. Dazu reicht eine formlose Mitteilung per E-Mail an uns. Die Rechtm\u00e4\u00dfigkeit der bis zum Widerruf erfolgten Datenverarbeitungsvorg\u00e4nge bleibt vom Widerruf unber\u00fchrt.<\/p>\n<p>Die von Ihnen im Kontaktformular eingegebenen Daten verbleiben bei uns, bis Sie uns zur L\u00f6schung auffordern, Ihre Einwilligung zur Speicherung widerrufen oder der Zweck f\u00fcr die Datenspeicherung entf\u00e4llt (z.B. nach abgeschlossener Bearbeitung Ihrer Anfrage). Zwingende gesetzliche Bestimmungen \u2013 insbesondere Aufbewahrungsfristen \u2013 bleiben unber\u00fchrt.<\/p>\n<ol start=\"4\">\n<li><strong> Newsletter<\/strong><\/li>\n<\/ol>\n<p><strong>MailChimp<\/strong><\/p>\n<p>Diese Website nutzt die Dienste von MailChimp f\u00fcr den Versand von Newslettern. Anbieter ist die Rocket Science Group LLC, 675 Ponce De Leon Ave NE, Suite 5000, Atlanta, GA 30308, USA.<\/p>\n<p>MailChimp ist ein Dienst, mit dem u.a. der Versand von Newslettern organisiert und analysiert werden kann. Wenn Sie Daten zum Zwecke des Newsletterbezugs eingeben (z.B. E-Mail-Adresse), werden diese auf den Servern von MailChimp in den USA gespeichert.<\/p>\n<p>MailChimp verf\u00fcgt \u00fcber eine Zertifizierung nach dem \u201cEU-US-Privacy-Shield\u201d. Der \u201cPrivacy-Shield\u201d ist ein \u00dcbereinkommen zwischen der Europ\u00e4ischen Union (EU) und den USA, das die Einhaltung europ\u00e4ischer Datenschutzstandards in den USA gew\u00e4hrleisten soll.<\/p>\n<p>Mit Hilfe von MailChimp k\u00f6nnen wir unsere Newsletterkampagnen analysieren. Wenn Sie eine mit MailChimp versandte E-Mail \u00f6ffnen, verbindet sich eine in der E-Mail enthaltene Datei (sog. web-beacon) mit den Servern von MailChimp in den USA. So kann festgestellt werden, ob eine Newsletter-Nachricht ge\u00f6ffnet und welche Links ggf. angeklickt wurden. Au\u00dferdem werden technische Informationen erfasst (z.B. Zeitpunkt des Abrufs, IP-Adresse, Browsertyp und Betriebssystem). Diese Informationen k\u00f6nnen nicht dem jeweiligen Newsletter-Empf\u00e4nger zugeordnet werden. Sie dienen ausschlie\u00dflich der statistischen Analyse von Newsletterkampagnen. Die Ergebnisse dieser Analysen k\u00f6nnen genutzt werden, um k\u00fcnftige Newsletter besser an die Interessen der Empf\u00e4nger anzupassen.<\/p>\n<p>Wenn Sie keine Analyse durch MailChimp wollen, m\u00fcssen Sie den Newsletter abbestellen. Hierf\u00fcr stellen wir in jeder Newsletternachricht einen entsprechenden Link zur Verf\u00fcgung. Des Weiteren k\u00f6nnen Sie den Newsletter auch direkt auf der Website abbestellen.<\/p>\n<p>Die Datenverarbeitung erfolgt auf Grundlage Ihrer Einwilligung (Art. 6 Abs. 1 lit. a DSGVO). Sie k\u00f6nnen diese Einwilligung jederzeit widerrufen, indem Sie den Newsletter abbestellen. Die Rechtm\u00e4\u00dfigkeit der bereits erfolgten Datenverarbeitungsvorg\u00e4nge bleibt vom Widerruf unber\u00fchrt.<\/p>\n<p>Die von Ihnen zum Zwecke des Newsletter-Bezugs bei uns hinterlegten Daten werden von uns bis zu Ihrer Austragung aus dem Newsletter gespeichert und nach der Abbestellung des Newsletters sowohl von unseren Servern als auch von den Servern von MailChimp gel\u00f6scht. Daten, die zu anderen Zwecken bei uns gespeichert wurden (z.B. E-Mail-Adressen f\u00fcr den Mitgliederbereich) bleiben hiervon unber\u00fchrt.<\/p>\n<p>N\u00e4heres entnehmen Sie den Datenschutzbestimmungen von MailChimp unter:\u00a0<a href=\"https:\/\/mailchimp.com\/legal\/terms\/\">https:\/\/mailchimp.com\/legal\/terms\/<\/a>.<\/p>\n<p><strong>Abschluss eines Data-Processing-Agreements<\/strong><\/p>\n<p>Wir haben ein sog. \u201eData-Processing-Agreement\u201c mit MailChimp abgeschlossen, in dem wir MailChimp verpflichten, die Daten unserer Kunden zu sch\u00fctzen und sie nicht an Dritte weiterzugeben. Dieser Vertrag kann unter folgendem Link eingesehen werden:\u00a0<a href=\"https:\/\/mailchimp.com\/legal\/forms\/data-processing-agreement\/sample-agreement\/\">https:\/\/mailchimp.com\/legal\/forms\/data-processing-agreement\/sample-agreement\/<\/a>.<\/p>\n","protected":false},"excerpt":{"rendered":"<p>Datenschutz auf einen Blick Allgemeine Hinweise Die folgenden Hinweise geben einen einfachen \u00dcberblick dar\u00fcber, was mit Ihren personenbezogenen Daten passiert, wenn Sie unsere Website besuchen. Personenbezogene Daten sind alle Daten, mit denen Sie pers\u00f6nlich identifiziert werden k\u00f6nnen. Ausf\u00fchrliche Informationen zum Thema Datenschutz entnehmen Sie unserer unter diesem Text aufgef\u00fchrten Datenschutzerkl\u00e4rung. Datenerfassung auf unserer Website Wer [&hellip;]<\/p>\n","protected":false},"author":1,"featured_media":0,"parent":0,"menu_order":0,"comment_status":"closed","ping_status":"closed","template":"","meta":{"_et_pb_use_builder":"","_et_pb_old_content":"","_et_gb_content_width":"","footnotes":""},"class_list":["post-139","page","type-page","status-publish","hentry"],"yoast_head":"<!-- This site is optimized with the Yoast SEO plugin v27.3 - https:\/\/yoast.com\/product\/yoast-seo-wordpress\/ -->\n<title>Datenschutz - RAMtoTEC<\/title>\n<meta name=\"robots\" content=\"index, follow, max-snippet:-1, max-image-preview:large, max-video-preview:-1\" \/>\n<link rel=\"canonical\" href=\"https:\/\/www.ramtotec.com\/data-protection\/\" \/>\n<meta property=\"og:locale\" content=\"de_DE\" \/>\n<meta property=\"og:type\" content=\"article\" \/>\n<meta property=\"og:title\" content=\"Datenschutz - RAMtoTEC\" \/>\n<meta property=\"og:description\" content=\"Datenschutz auf einen Blick Allgemeine Hinweise Die folgenden Hinweise geben einen einfachen \u00dcberblick dar\u00fcber, was mit Ihren personenbezogenen Daten passiert, wenn Sie unsere Website besuchen. Personenbezogene Daten sind alle Daten, mit denen Sie pers\u00f6nlich identifiziert werden k\u00f6nnen. Ausf\u00fchrliche Informationen zum Thema Datenschutz entnehmen Sie unserer unter diesem Text aufgef\u00fchrten Datenschutzerkl\u00e4rung. Datenerfassung auf unserer Website Wer [&hellip;]\" \/>\n<meta property=\"og:url\" content=\"https:\/\/www.ramtotec.com\/data-protection\/\" \/>\n<meta property=\"og:site_name\" content=\"RAMtoTEC\" \/>\n<meta property=\"article:modified_time\" content=\"2018-05-31T20:07:37+00:00\" \/>\n<meta name=\"twitter:card\" content=\"summary_large_image\" \/>\n<meta name=\"twitter:label1\" content=\"Gesch\u00e4tzte Lesezeit\" \/>\n\t<meta name=\"twitter:data1\" content=\"8\u00a0Minuten\" \/>\n<script type=\"application\/ld+json\" class=\"yoast-schema-graph\">{\"@context\":\"https:\\\/\\\/schema.org\",\"@graph\":[{\"@type\":\"WebPage\",\"@id\":\"https:\\\/\\\/www.ramtotec.com\\\/data-protection\\\/\",\"url\":\"https:\\\/\\\/www.ramtotec.com\\\/data-protection\\\/\",\"name\":\"Datenschutz - RAMtoTEC\",\"isPartOf\":{\"@id\":\"https:\\\/\\\/www.ramtotec.com\\\/#website\"},\"datePublished\":\"2017-12-02T17:32:35+00:00\",\"dateModified\":\"2018-05-31T20:07:37+00:00\",\"breadcrumb\":{\"@id\":\"https:\\\/\\\/www.ramtotec.com\\\/data-protection\\\/#breadcrumb\"},\"inLanguage\":\"de\",\"potentialAction\":[{\"@type\":\"ReadAction\",\"target\":[\"https:\\\/\\\/www.ramtotec.com\\\/data-protection\\\/\"]}]},{\"@type\":\"BreadcrumbList\",\"@id\":\"https:\\\/\\\/www.ramtotec.com\\\/data-protection\\\/#breadcrumb\",\"itemListElement\":[{\"@type\":\"ListItem\",\"position\":1,\"name\":\"Home\",\"item\":\"https:\\\/\\\/www.ramtotec.com\\\/de\\\/\"},{\"@type\":\"ListItem\",\"position\":2,\"name\":\"Datenschutz\"}]},{\"@type\":\"WebSite\",\"@id\":\"https:\\\/\\\/www.ramtotec.com\\\/#website\",\"url\":\"https:\\\/\\\/www.ramtotec.com\\\/\",\"name\":\"RAMtoTEC\",\"description\":\"What do you exactly know?\",\"publisher\":{\"@id\":\"https:\\\/\\\/www.ramtotec.com\\\/#organization\"},\"potentialAction\":[{\"@type\":\"SearchAction\",\"target\":{\"@type\":\"EntryPoint\",\"urlTemplate\":\"https:\\\/\\\/www.ramtotec.com\\\/?s={search_term_string}\"},\"query-input\":{\"@type\":\"PropertyValueSpecification\",\"valueRequired\":true,\"valueName\":\"search_term_string\"}}],\"inLanguage\":\"de\"},{\"@type\":\"Organization\",\"@id\":\"https:\\\/\\\/www.ramtotec.com\\\/#organization\",\"name\":\"RAMtoTEC\",\"url\":\"https:\\\/\\\/www.ramtotec.com\\\/\",\"logo\":{\"@type\":\"ImageObject\",\"inLanguage\":\"de\",\"@id\":\"https:\\\/\\\/www.ramtotec.com\\\/#\\\/schema\\\/logo\\\/image\\\/\",\"url\":\"https:\\\/\\\/www.ramtotec.com\\\/wp-content\\\/uploads\\\/2017\\\/12\\\/RAMtoTEC_Logo.jpg\",\"contentUrl\":\"https:\\\/\\\/www.ramtotec.com\\\/wp-content\\\/uploads\\\/2017\\\/12\\\/RAMtoTEC_Logo.jpg\",\"width\":751,\"height\":450,\"caption\":\"RAMtoTEC\"},\"image\":{\"@id\":\"https:\\\/\\\/www.ramtotec.com\\\/#\\\/schema\\\/logo\\\/image\\\/\"}}]}<\/script>\n<!-- \/ Yoast SEO plugin. -->","yoast_head_json":{"title":"Datenschutz - RAMtoTEC","robots":{"index":"index","follow":"follow","max-snippet":"max-snippet:-1","max-image-preview":"max-image-preview:large","max-video-preview":"max-video-preview:-1"},"canonical":"https:\/\/www.ramtotec.com\/data-protection\/","og_locale":"de_DE","og_type":"article","og_title":"Datenschutz - RAMtoTEC","og_description":"Datenschutz auf einen Blick Allgemeine Hinweise Die folgenden Hinweise geben einen einfachen \u00dcberblick dar\u00fcber, was mit Ihren personenbezogenen Daten passiert, wenn Sie unsere Website besuchen. Personenbezogene Daten sind alle Daten, mit denen Sie pers\u00f6nlich identifiziert werden k\u00f6nnen. Ausf\u00fchrliche Informationen zum Thema Datenschutz entnehmen Sie unserer unter diesem Text aufgef\u00fchrten Datenschutzerkl\u00e4rung. Datenerfassung auf unserer Website Wer [&hellip;]","og_url":"https:\/\/www.ramtotec.com\/data-protection\/","og_site_name":"RAMtoTEC","article_modified_time":"2018-05-31T20:07:37+00:00","twitter_card":"summary_large_image","twitter_misc":{"Gesch\u00e4tzte Lesezeit":"8\u00a0Minuten"},"schema":{"@context":"https:\/\/schema.org","@graph":[{"@type":"WebPage","@id":"https:\/\/www.ramtotec.com\/data-protection\/","url":"https:\/\/www.ramtotec.com\/data-protection\/","name":"Datenschutz - RAMtoTEC","isPartOf":{"@id":"https:\/\/www.ramtotec.com\/#website"},"datePublished":"2017-12-02T17:32:35+00:00","dateModified":"2018-05-31T20:07:37+00:00","breadcrumb":{"@id":"https:\/\/www.ramtotec.com\/data-protection\/#breadcrumb"},"inLanguage":"de","potentialAction":[{"@type":"ReadAction","target":["https:\/\/www.ramtotec.com\/data-protection\/"]}]},{"@type":"BreadcrumbList","@id":"https:\/\/www.ramtotec.com\/data-protection\/#breadcrumb","itemListElement":[{"@type":"ListItem","position":1,"name":"Home","item":"https:\/\/www.ramtotec.com\/de\/"},{"@type":"ListItem","position":2,"name":"Datenschutz"}]},{"@type":"WebSite","@id":"https:\/\/www.ramtotec.com\/#website","url":"https:\/\/www.ramtotec.com\/","name":"RAMtoTEC","description":"What do you exactly know?","publisher":{"@id":"https:\/\/www.ramtotec.com\/#organization"},"potentialAction":[{"@type":"SearchAction","target":{"@type":"EntryPoint","urlTemplate":"https:\/\/www.ramtotec.com\/?s={search_term_string}"},"query-input":{"@type":"PropertyValueSpecification","valueRequired":true,"valueName":"search_term_string"}}],"inLanguage":"de"},{"@type":"Organization","@id":"https:\/\/www.ramtotec.com\/#organization","name":"RAMtoTEC","url":"https:\/\/www.ramtotec.com\/","logo":{"@type":"ImageObject","inLanguage":"de","@id":"https:\/\/www.ramtotec.com\/#\/schema\/logo\/image\/","url":"https:\/\/www.ramtotec.com\/wp-content\/uploads\/2017\/12\/RAMtoTEC_Logo.jpg","contentUrl":"https:\/\/www.ramtotec.com\/wp-content\/uploads\/2017\/12\/RAMtoTEC_Logo.jpg","width":751,"height":450,"caption":"RAMtoTEC"},"image":{"@id":"https:\/\/www.ramtotec.com\/#\/schema\/logo\/image\/"}}]}},"_links":{"self":[{"href":"https:\/\/www.ramtotec.com\/de\/wp-json\/wp\/v2\/pages\/139","targetHints":{"allow":["GET"]}}],"collection":[{"href":"https:\/\/www.ramtotec.com\/de\/wp-json\/wp\/v2\/pages"}],"about":[{"href":"https:\/\/www.ramtotec.com\/de\/wp-json\/wp\/v2\/types\/page"}],"author":[{"embeddable":true,"href":"https:\/\/www.ramtotec.com\/de\/wp-json\/wp\/v2\/users\/1"}],"replies":[{"embeddable":true,"href":"https:\/\/www.ramtotec.com\/de\/wp-json\/wp\/v2\/comments?post=139"}],"version-history":[{"count":4,"href":"https:\/\/www.ramtotec.com\/de\/wp-json\/wp\/v2\/pages\/139\/revisions"}],"predecessor-version":[{"id":611,"href":"https:\/\/www.ramtotec.com\/de\/wp-json\/wp\/v2\/pages\/139\/revisions\/611"}],"wp:attachment":[{"href":"https:\/\/www.ramtotec.com\/de\/wp-json\/wp\/v2\/media?parent=139"}],"curies":[{"name":"wp","href":"https:\/\/api.w.org\/{rel}","templated":true}]}}