{"id":136,"date":"2017-12-02T17:30:47","date_gmt":"2017-12-02T17:30:47","guid":{"rendered":"https:\/\/ramtotec.shelfinger.eu\/index.php\/impronta\/"},"modified":"2018-05-24T06:52:28","modified_gmt":"2018-05-24T06:52:28","slug":"impronta","status":"publish","type":"page","link":"https:\/\/www.ramtotec.com\/it\/impronta\/","title":{"rendered":"Dati Identificativi"},"content":{"rendered":"<p>RAMtoTEC GmbH<br \/>\nEdisonstrasse 16<br \/>\n86399, Bobingen<br \/>\nTel .: +49 8234 9661910<br \/>\nEmail: office@ramtotec.com<\/p>\n<p>Registro commerciale no. HRB 23438 Tribunale di Augusta<br \/>\nAmministratore delegato: Fulvio Falda<\/p>\n<p>RAMtoTEC Italia Srl<br \/>\nVia Die Campi della Rienza 30<br \/>\n39031 BRUNICO (BZ)<br \/>\nNumero REA: BZ &#8211; 218170 &#8211; P. Iva IT02937470215 &#8211; C.F. 029374702<\/p>\n<p>IVA n. ai sensi dell&#8217;articolo 27a della legge tedesca sull&#8217;imposta sul valore aggiunto: DE 286 835 970<\/p>\n<p>Responsabile per il contenuto di cui al \u00a7 10 dell&#8217;accordo interstatale sui servizi di media: Fulvio Falda<\/p>\n<p>Foto e contenuto:<br \/>\n<a href=\"https:\/\/www.ramtotec.com\" rel=\"noopener\" target=\"_blank\">RAMtoTEC<\/a><\/p>\n<p>Design:<br \/>\n<a href=\"http:\/\/pinky-and-brain.de\/\" target=\"_blank\" rel=\"noopener\">pinky&amp;brain<\/a><\/p>\n<p>Avviso sul copyright<br \/>\n\u00c8 necessario ottenere il consenso scritto di RAMtoTEC GmbH e \/ o il rispettivo licenziatario per l&#8217;uso commerciale delle immagini o del testo su questo sito Web. In caso contrario, potrebbe essere perseguito penalmente.<br \/>\ndisconoscimento<br \/>\nIn una sentenza del 12 maggio 1998, il tribunale distrettuale di Amburgo ha stabilito che la pubblicazione di un collegamento a un sito Web pu\u00f2 comportare la responsabilit\u00e0 della persona o della societ\u00e0 che pubblica il collegamento in solido per il contenuto del sito, a meno che la responsabilit\u00e0 non sia espressamente esclusa.<br \/>\nRAMtoTEC GmbH ha pubblicato collegamenti sul proprio sito ad altri siti Web. RAMtoTEC GmbH dichiara espressamente di non accettare alcuna responsabilit\u00e0 per la progettazione o il contenuto dei siti collegati, n\u00e9 adotta il design o i contenuti come propri.<br \/>\nLa presente dichiarazione si applica a tutti i collegamenti pubblicati su questo sito Web ea tutti i contenuti.<\/p>\n","protected":false},"excerpt":{"rendered":"<p>RAMtoTEC GmbH Edisonstrasse 16 86399, Bobingen Tel .: +49 8234 9661910 Email: office@ramtotec.com Registro commerciale no. HRB 23438 Tribunale di Augusta Amministratore delegato: Fulvio Falda RAMtoTEC Italia Srl Via Die Campi della Rienza 30 39031 BRUNICO (BZ) Numero REA: BZ &#8211; 218170 &#8211; P. Iva IT02937470215 &#8211; C.F. 029374702 IVA n. ai sensi dell&#8217;articolo 27a [&hellip;]<\/p>\n","protected":false},"author":1,"featured_media":0,"parent":0,"menu_order":0,"comment_status":"closed","ping_status":"closed","template":"","meta":{"_et_pb_use_builder":"","_et_pb_old_content":"","_et_gb_content_width":"","footnotes":""},"class_list":["post-136","page","type-page","status-publish","hentry"],"yoast_head":"<!-- This site is optimized with the Yoast SEO plugin v27.3 - https:\/\/yoast.com\/product\/yoast-seo-wordpress\/ -->\n<title>Dati Identificativi - RAMtoTEC<\/title>\n<meta name=\"robots\" content=\"index, follow, max-snippet:-1, max-image-preview:large, max-video-preview:-1\" \/>\n<link rel=\"canonical\" href=\"https:\/\/www.ramtotec.com\/imprint\/\" \/>\n<meta property=\"og:locale\" content=\"it_IT\" \/>\n<meta property=\"og:type\" content=\"article\" \/>\n<meta property=\"og:title\" content=\"Dati Identificativi - RAMtoTEC\" \/>\n<meta property=\"og:description\" content=\"RAMtoTEC GmbH Edisonstrasse 16 86399, Bobingen Tel .: +49 8234 9661910 Email: office@ramtotec.com Registro commerciale no. HRB 23438 Tribunale di Augusta Amministratore delegato: Fulvio Falda RAMtoTEC Italia Srl Via Die Campi della Rienza 30 39031 BRUNICO (BZ) Numero REA: BZ &#8211; 218170 &#8211; P. Iva IT02937470215 &#8211; C.F. 029374702 IVA n. ai sensi dell&#8217;articolo 27a [&hellip;]\" \/>\n<meta property=\"og:url\" content=\"https:\/\/www.ramtotec.com\/imprint\/\" \/>\n<meta property=\"og:site_name\" content=\"RAMtoTEC\" \/>\n<meta property=\"article:modified_time\" content=\"2018-05-24T06:52:28+00:00\" \/>\n<meta name=\"twitter:card\" content=\"summary_large_image\" \/>\n<meta name=\"twitter:label1\" content=\"Tempo di lettura stimato\" \/>\n\t<meta name=\"twitter:data1\" content=\"1 minuto\" \/>\n<script type=\"application\/ld+json\" class=\"yoast-schema-graph\">{\"@context\":\"https:\\\/\\\/schema.org\",\"@graph\":[{\"@type\":\"WebPage\",\"@id\":\"https:\\\/\\\/www.ramtotec.com\\\/imprint\\\/\",\"url\":\"https:\\\/\\\/www.ramtotec.com\\\/imprint\\\/\",\"name\":\"Dati Identificativi - RAMtoTEC\",\"isPartOf\":{\"@id\":\"https:\\\/\\\/www.ramtotec.com\\\/#website\"},\"datePublished\":\"2017-12-02T17:30:47+00:00\",\"dateModified\":\"2018-05-24T06:52:28+00:00\",\"breadcrumb\":{\"@id\":\"https:\\\/\\\/www.ramtotec.com\\\/imprint\\\/#breadcrumb\"},\"inLanguage\":\"it-IT\",\"potentialAction\":[{\"@type\":\"ReadAction\",\"target\":[\"https:\\\/\\\/www.ramtotec.com\\\/imprint\\\/\"]}]},{\"@type\":\"BreadcrumbList\",\"@id\":\"https:\\\/\\\/www.ramtotec.com\\\/imprint\\\/#breadcrumb\",\"itemListElement\":[{\"@type\":\"ListItem\",\"position\":1,\"name\":\"Home\",\"item\":\"https:\\\/\\\/www.ramtotec.com\\\/it\\\/\"},{\"@type\":\"ListItem\",\"position\":2,\"name\":\"Dati Identificativi\"}]},{\"@type\":\"WebSite\",\"@id\":\"https:\\\/\\\/www.ramtotec.com\\\/#website\",\"url\":\"https:\\\/\\\/www.ramtotec.com\\\/\",\"name\":\"RAMtoTEC\",\"description\":\"What do you exactly know?\",\"publisher\":{\"@id\":\"https:\\\/\\\/www.ramtotec.com\\\/#organization\"},\"potentialAction\":[{\"@type\":\"SearchAction\",\"target\":{\"@type\":\"EntryPoint\",\"urlTemplate\":\"https:\\\/\\\/www.ramtotec.com\\\/?s={search_term_string}\"},\"query-input\":{\"@type\":\"PropertyValueSpecification\",\"valueRequired\":true,\"valueName\":\"search_term_string\"}}],\"inLanguage\":\"it-IT\"},{\"@type\":\"Organization\",\"@id\":\"https:\\\/\\\/www.ramtotec.com\\\/#organization\",\"name\":\"RAMtoTEC\",\"url\":\"https:\\\/\\\/www.ramtotec.com\\\/\",\"logo\":{\"@type\":\"ImageObject\",\"inLanguage\":\"it-IT\",\"@id\":\"https:\\\/\\\/www.ramtotec.com\\\/#\\\/schema\\\/logo\\\/image\\\/\",\"url\":\"https:\\\/\\\/www.ramtotec.com\\\/wp-content\\\/uploads\\\/2017\\\/12\\\/RAMtoTEC_Logo.jpg\",\"contentUrl\":\"https:\\\/\\\/www.ramtotec.com\\\/wp-content\\\/uploads\\\/2017\\\/12\\\/RAMtoTEC_Logo.jpg\",\"width\":751,\"height\":450,\"caption\":\"RAMtoTEC\"},\"image\":{\"@id\":\"https:\\\/\\\/www.ramtotec.com\\\/#\\\/schema\\\/logo\\\/image\\\/\"}}]}<\/script>\n<!-- \/ Yoast SEO plugin. -->","yoast_head_json":{"title":"Dati Identificativi - RAMtoTEC","robots":{"index":"index","follow":"follow","max-snippet":"max-snippet:-1","max-image-preview":"max-image-preview:large","max-video-preview":"max-video-preview:-1"},"canonical":"https:\/\/www.ramtotec.com\/imprint\/","og_locale":"it_IT","og_type":"article","og_title":"Dati Identificativi - RAMtoTEC","og_description":"RAMtoTEC GmbH Edisonstrasse 16 86399, Bobingen Tel .: +49 8234 9661910 Email: office@ramtotec.com Registro commerciale no. HRB 23438 Tribunale di Augusta Amministratore delegato: Fulvio Falda RAMtoTEC Italia Srl Via Die Campi della Rienza 30 39031 BRUNICO (BZ) Numero REA: BZ &#8211; 218170 &#8211; P. Iva IT02937470215 &#8211; C.F. 029374702 IVA n. ai sensi dell&#8217;articolo 27a [&hellip;]","og_url":"https:\/\/www.ramtotec.com\/imprint\/","og_site_name":"RAMtoTEC","article_modified_time":"2018-05-24T06:52:28+00:00","twitter_card":"summary_large_image","twitter_misc":{"Tempo di lettura stimato":"1 minuto"},"schema":{"@context":"https:\/\/schema.org","@graph":[{"@type":"WebPage","@id":"https:\/\/www.ramtotec.com\/imprint\/","url":"https:\/\/www.ramtotec.com\/imprint\/","name":"Dati Identificativi - RAMtoTEC","isPartOf":{"@id":"https:\/\/www.ramtotec.com\/#website"},"datePublished":"2017-12-02T17:30:47+00:00","dateModified":"2018-05-24T06:52:28+00:00","breadcrumb":{"@id":"https:\/\/www.ramtotec.com\/imprint\/#breadcrumb"},"inLanguage":"it-IT","potentialAction":[{"@type":"ReadAction","target":["https:\/\/www.ramtotec.com\/imprint\/"]}]},{"@type":"BreadcrumbList","@id":"https:\/\/www.ramtotec.com\/imprint\/#breadcrumb","itemListElement":[{"@type":"ListItem","position":1,"name":"Home","item":"https:\/\/www.ramtotec.com\/it\/"},{"@type":"ListItem","position":2,"name":"Dati Identificativi"}]},{"@type":"WebSite","@id":"https:\/\/www.ramtotec.com\/#website","url":"https:\/\/www.ramtotec.com\/","name":"RAMtoTEC","description":"What do you exactly know?","publisher":{"@id":"https:\/\/www.ramtotec.com\/#organization"},"potentialAction":[{"@type":"SearchAction","target":{"@type":"EntryPoint","urlTemplate":"https:\/\/www.ramtotec.com\/?s={search_term_string}"},"query-input":{"@type":"PropertyValueSpecification","valueRequired":true,"valueName":"search_term_string"}}],"inLanguage":"it-IT"},{"@type":"Organization","@id":"https:\/\/www.ramtotec.com\/#organization","name":"RAMtoTEC","url":"https:\/\/www.ramtotec.com\/","logo":{"@type":"ImageObject","inLanguage":"it-IT","@id":"https:\/\/www.ramtotec.com\/#\/schema\/logo\/image\/","url":"https:\/\/www.ramtotec.com\/wp-content\/uploads\/2017\/12\/RAMtoTEC_Logo.jpg","contentUrl":"https:\/\/www.ramtotec.com\/wp-content\/uploads\/2017\/12\/RAMtoTEC_Logo.jpg","width":751,"height":450,"caption":"RAMtoTEC"},"image":{"@id":"https:\/\/www.ramtotec.com\/#\/schema\/logo\/image\/"}}]}},"_links":{"self":[{"href":"https:\/\/www.ramtotec.com\/it\/wp-json\/wp\/v2\/pages\/136","targetHints":{"allow":["GET"]}}],"collection":[{"href":"https:\/\/www.ramtotec.com\/it\/wp-json\/wp\/v2\/pages"}],"about":[{"href":"https:\/\/www.ramtotec.com\/it\/wp-json\/wp\/v2\/types\/page"}],"author":[{"embeddable":true,"href":"https:\/\/www.ramtotec.com\/it\/wp-json\/wp\/v2\/users\/1"}],"replies":[{"embeddable":true,"href":"https:\/\/www.ramtotec.com\/it\/wp-json\/wp\/v2\/comments?post=136"}],"version-history":[{"count":3,"href":"https:\/\/www.ramtotec.com\/it\/wp-json\/wp\/v2\/pages\/136\/revisions"}],"predecessor-version":[{"id":597,"href":"https:\/\/www.ramtotec.com\/it\/wp-json\/wp\/v2\/pages\/136\/revisions\/597"}],"wp:attachment":[{"href":"https:\/\/www.ramtotec.com\/it\/wp-json\/wp\/v2\/media?parent=136"}],"curies":[{"name":"wp","href":"https:\/\/api.w.org\/{rel}","templated":true}]}}