{"id":140,"date":"2017-12-02T17:33:00","date_gmt":"2017-12-02T17:33:00","guid":{"rendered":"https:\/\/ramtotec.shelfinger.eu\/index.php\/protezione-dati\/"},"modified":"2018-05-23T16:51:48","modified_gmt":"2018-05-23T16:51:48","slug":"protezione-dati","status":"publish","type":"page","link":"https:\/\/www.ramtotec.com\/it\/protezione-dati\/","title":{"rendered":"Protezione dati"},"content":{"rendered":"<p>Responsabile per la raccolta dei dati sulle nostre pagine web:<br \/>\nRAMtoTEC GmbH (di seguito: &#8220;noi&#8221;, &#8220;noi&#8221;)<br \/>\nRappresentata dall&#8217;Amministratore Delegato Fulvio Falda<\/p>\n<p>RAMtoTEC GmbH<br \/>\nEdisonstrasse 16<br \/>\n86399, Bobingen<br \/>\nTel.: +49 8234 9661910<br \/>\nEmail: office@ramtotec.com<\/p>\n<p>La presente Privacy Policy ha lo scopo di descrivere le modalit\u00e0 di gestione di questo Sito, in riferimento all\u2019uso dei cookie ed al trattamento dei dati personali degli utenti\/visitatori che lo consultano.<br \/>\nSi tratta di un\u2019informativa resa, ai sensi degli articoli 13 e 122 del Codice in materia di protezione dei dati personali (D.Lgs. 196\/03, il c.d. Codice privacy) e del Provvedimento generale del Garante dell\u20198 maggio 2014 in materia di cookie, a coloro che si collegano al sito www.ramtotec.com.<br \/>\nL\u2019informativa \u00e8 resa soltanto per il sito sopra menzionato (di seguito \u201cSito\u201d o \u201cquesto Sito\u201d) e relativi possibili sottodomini, ma non anche per altri siti web eventualmente consultati dall\u2019utente tramite appositi link.<br \/>\nIl sito sopra indicato \u00e8 di propriet\u00e0 e gestione di RAMtoTEC.<br \/>\nRAMtoTEC garantisce il rispetto della normativa in materia di protezione dei dati personali, coerentemente con quanto prescritto nel Codice Etico del RAMtoTEC.<br \/>\nSi invitano gli utenti\/visitatori a leggere attentamente la presente Privacy Policy prima di inoltrare qualsiasi tipo di informazione personale e\/o compilare qualunque modulo elettronico presente sul sito stesso.<br \/>\nTipologia di dati trattati e finalit\u00e0 del trattamento<\/p>\n<p>1. Dati di navigazione<br \/>\nI sistemi informatici e le procedure software preposte al funzionamento di questo Sito acquisiscono, nel normale esercizio, alcuni dati personali che vengono trasmessi implicitamente nell\u2019uso dei protocolli di comunicazione Internet.<br \/>\nSi tratta di informazioni che non sono raccolte per essere associate ad interessati identificati, ma che per loro natura potrebbero, mediante ed elaborazioni con dati detenuti da terzi, permettere di identificare gli utenti\/visitatori (ad es. indirizzo IP, nomi di domini dei computer utilizzati dagli utenti che si collegano al sito, il codice indicante lo stato di risposta dati dal server, tipo di browser, ecc.).<br \/>\nQuesti dati vengono utilizzati solo per informazioni di tipo statistico (quindi sono anonimi) e per controllarne il corretto funzionamento del Sito. I dati sui contatti web non vengono conservati, comunque, oltre sei mesi, salvo eventuali accertamenti di reati informatici ai danni del sito.<br \/>\nNessun dato derivante dal servizio web verr\u00e0 comunicato o diffuso.<\/p>\n<p>2. Cookie<br \/>\n2.1 Informazioni generali sui cookie<br \/>\nI cookie sono piccoli file di testo che i siti internet visitati dagli utenti inviano ai loro terminali (solitamente al browser), dove vengono memorizzati per essere poi ritrasmessi agli stessi siti ad ogni successiva visita tramite il medesimo terminale. Inoltre, ogni sito pu\u00f2 consentire la trasmissione dei c.d. cookie di \u201cterze parti\u201d, cio\u00e8 quelli generati da siti internet diversi da quello che l\u2019utente sta visitando (attraverso oggetti in esso presenti quali banner, immagini, mappe, suoni, specifici link a pagine web di altri domini).<br \/>\nIn funzione della loro durata, si distinguono in cookie di sessione (cio\u00e8 quelli temporanei e cancellati automaticamente dal terminale al termine della sessione di navigazione, chiudendo il browser) ed in cookie persistenti (cio\u00e8 quelli che restano memorizzati sul terminale fino alla loro scadenza o cancellazione da parte dell\u2019utente).<br \/>\nI cookie hanno diverse finalit\u00e0. Sono in primo luogo utilizzati per la trasmissione della comunicazione o per fornire il servizio richiesto dall\u2019utente; pi\u00f9 precisamente permettono di abilitare ed ottimizzare il funzionamento del sito internet, eseguire autenticazioni informatiche e prevenire abusi, monitorare le sessioni, migliorare l\u2019esperienza di navigazione degli utenti, ad esempio mantenendo attiva la connessione ad aree riservate durante la navigazione attraverso le pagine del sito senza la necessita di reinserire User-Id e password e memorizzando informazioni specifiche riguardanti gli utenti stessi (tra cui le preferenze, il tipo di browser e di computer usato).<br \/>\nI suddetti cookie sono detti \u201ctecnici\u201d (per il loro utilizzo non \u00e8 necessario il consenso dell\u2019utente), in quanto senza di essi alcune delle citate operazioni non potrebbero essere compiute o sarebbero pi\u00f9 complesse e\/o meno sicure.<br \/>\nDiversamente, se i cookie sono utilizzati per ulteriori finalit\u00e0, tipicamente per analisi del comportamento ed invio di messaggi promo-pubblicitari personalizzati (c.d. cookie di \u201cprofilazione\u201d) o anche solo per ottenere, per il tramite di servizi resi da terze parti, informazioni in forma aggregata sul numero degli utenti e su come questi visitano il sito (c.d. \u201canalytics cookie\u201d), \u00e8 necessario il consenso dell\u2019utente. Infatti, prima dell\u2019invio di questi cookie sul terminale, ai sensi della normativa vigente (Codice privacy e provvedimento generale del Garante dell\u20198 maggio 2014), al momento in cui si accede alla home page o altra pagina del sito, \u00e8 immediatamente mostrato in primo piano un banner con una prima informativa sintetica sull\u2019uso dei cookie e sulla raccolta del consenso, che l\u2019utente pu\u00f2 prestare proseguendo la navigazione tramite la selezione di un elemento sottostante al banner o chiudendo il banner stesso.<br \/>\nIn ogni caso, i cookie possono essere letti o modificati solo dal sito internet che li ha generati; non possono essere utilizzati per richiamare nessun dato dal terminale dell\u2019utente e non possono trasmettere virus informatici. Alcune delle funzioni dei cookie possono essere svolte anche da altre tecnologie; pertanto, nel contesto della presente web privacy policy, con il termine \u201ccookie\u201d si vuol far riferimento ai cookie ed a tutte le tecnologie similari.<\/p>\n<p>2.2 Utilizzo dei cookie in questo Sito<br \/>\nQuesto Sito pu\u00f2 utilizzare cookie di sessione e cookie persistenti. Le tipologie di cookie direttamente generati da questo Sito sono:<br \/>\n\u00b7 cookie \u201ctecnici\u201d, utilizzati per: a) la personalizzazione dell\u2019interfaccia utente (es. per registrare le preferenze espresse dall&#8217;utente quali la lingua, valuta, il formato di visualizzazione della pagina, l\u2019area di connessione); b) una migliore fruibilit\u00e0 del sito e dei suoi contenuti audio-visivi (es. tramite l\u2019esecuzione di programmi di tipo flash player); c) il corretto funzionamento della connessione (es. indirizzando tra pi\u00f9 server in modo appropriato le richieste dell\u2019utente)<\/p>\n<p>2.3 Cookie di \u201cterze parti\u201d<br \/>\nQuesto Sito consente altres\u00ec la trasmissione al terminale dell\u2019utente di cookie di terze parti, con le quali RAMtoTEC collabora. RAMtoTEC si limita, in qualit\u00e0 di intermediario tecnico, ad inviare tali cookie, ma non ne gestisce l\u2019operativit\u00e0 (non ha pertanto il controllo ed accesso alle informazioni fornite\/acquisite) in quanto il loro funzionamento \u00e8 nella responsabilit\u00e0 delle terze parti. Per questi cookie, \u00e8 possibile accedere all\u2019informativa ed ai moduli di acquisizione del consenso delle terze parti, cliccando sui link sotto riportati. Le terze parti sono:<\/p>\n<p>a) social media, che gestiscono cookie tipicamente per consentire, tramite plug-in, la condivisione di contenuti tra i membri \u201cloggati\u201d di un medesimo social network. Tali soggetti sono:<br \/>\nFacebook<br \/>\nCookies: https:\/\/it-it.facebook.com\/help\/cookies\/?ref=sitefooter<br \/>\nPrivacy: https:\/\/www.facebook.com\/privacy\/explanation<br \/>\nTwitter<br \/>\nCookies: https:\/\/support.twitter.com\/articles\/20170519-uso-dei-cookie-e-di-altre-tecnologie-simili-da-parte-di-twitter<br \/>\nPrivacy: https:\/\/twitter.com\/privacy?lang=it<br \/>\nGoogle+<br \/>\nPrivacy: https:\/\/www.google.it\/intl\/it\/policies\/privacy\/<br \/>\nSlideShare<br \/>\nPrivacy: https:\/\/www.linkedin.com\/legal\/privacy-policy<br \/>\nLinkedIn<br \/>\nCookies: https:\/\/www.linkedin.com\/legal\/cookie-policy?trk=hb_ft_cookie<br \/>\nPrivacy: https:\/\/www.linkedin.com\/legal\/privacy-policy?trk=hb_ft_priv<br \/>\nFlickr<br \/>\nPrivacy: https:\/\/policies.yahoo.com\/us\/en\/yahoo\/privacy\/products\/flickr\/index.htm<br \/>\nYouTube<br \/>\nPrivacy: https:\/\/www.google.it\/intl\/it\/policies\/privacy\/<br \/>\nPinInterest<br \/>\nPrivacy: https:\/\/about.pinterest.com\/it\/terms-service<br \/>\nInstagram<br \/>\nPrivacy: https:\/\/instagram.com\/about\/legal\/privacy\/<\/p>\n<p>b) soggetti dei cui servizi RAMtoTEC si avvale per raccogliere informazioni aggregate\/statistiche sugli utenti che visitano questo Sito. E\u2019 infatti utilizzato il servizio Google Analytics (www.google.it\/privacy\/) fornito dalla societ\u00e0 Google.<\/p>\n<p>2.4 Gestione delle scelte sui cookie<br \/>\nI cookie possono essere gestiti dall\u2019utente attraverso il proprio browser.<br \/>\nL\u2019utente pu\u00f2 gestire le proprie preferenze relative ai cookie attraverso le funzionalit\u00e0 presenti nei comuni browser (Internet Explorer, Mozilla Firefox, Google Crome, Apple Safari), che consentono di cancellare\/rimuovere i cookie (tutti o alcuni) o di cambiare le impostazioni del browser stesso in modo bloccare l\u2019invio dei cookie o di limitarlo a siti specifici (rispetto ad altri). E\u2019 possibile conoscere le modalit\u00e0 con cui configurare le impostazione dei browser (di norma accessibili dalla barra \u201cStrumenti\u201d) andando sulle pagine web di \u201cSupporto\u201d dei fornitori dei suddetti browser (individuabili anche tramite un comune motore di ricerca).<br \/>\nLa disabilitazione dei cookie non preclude di per s\u00e9 l&#8217;utilizzo dei servizi del Sito internet; se per\u00f2 vengono cancellati\/bloccati tutti i cookie, inclusi quelli tecnici, alcune operazioni non potrebbero essere compiute o sarebbero pi\u00f9 complesse e\/o meno sicure, come ad esempio, per l\u2019esecuzione di attivit\u00e0 all\u2019interno di Aree Riservate del Sito (i cookie consentono infatti di effettuare e mantenere l&#8217;identificazione dell\u2019utente nell&#8217;ambito della sessione).<\/p>\n<p>3. Dati forniti volontariamente dagli utenti\/visitatori<br \/>\nQualora gli utenti\/visitatori, collegandosi a questo sito, inviino propri dati personali per accedere a determinati servizi, ovvero per effettuare richieste in posta elettronica, ci\u00f2 comporta l\u2019acquisizione da parte di RAMtoTEC dell\u2019indirizzo del mittente e\/o di altri eventuali dati personali che verranno trattati esclusivamente per rispondere alla richiesta, ovvero per la fornitura del servizio.<br \/>\nI dati personali forniti dagli utenti\/visitatori verranno comunicati a terzi solo nel caso in cui la comunicazione sia necessaria per ottemperare alle richieste degli utenti\/visitatori medesimi.<br \/>\nModalit\u00e0 del trattamento<br \/>\nIl trattamento viene effettuato attraverso strumenti informatici e telematici e\/o manualmente (ad es. su supporto cartaceo) per il tempo strettamente necessario a conseguire gli scopi per i quali i dati sono stati raccolti e comunque, in conformit\u00e0 alle disposizioni normative vigenti in materia.<br \/>\nFacoltativit\u00e0 del conferimento dei dati<br \/>\nA parte quanto specificato per i dati di navigazione, gli utenti\/visitatori sono liberi di fornire i propri dati personali. Il loro mancato conferimento pu\u00f2 comportare unicamente l\u2019impossibilit\u00e0 di ottenere quanto richiesto.<br \/>\nTitolare, Responsabili e categorie di Incaricati<br \/>\nIl Titolare del trattamento \u00e8 RAMtoTEC \u2013 con sede in Via Gaetano Negri, 1 &#8211; 20123 Milano. L\u2019elenco aggiornato dei Responsabili \u00e8 consultabile nella sottostante sezione &#8220;Elenco dei responsabili del trattamento dei dati personali.<br \/>\nAll\u2019interno della Societ\u00e0 i dati degli utenti\/visitatori potranno essere trattati dai dipendenti delle Funzioni indicate all\u2019interno del suddetto elenco. Detti dipendenti operano in qualit\u00e0 di Incaricati sotto la diretta autorit\u00e0 del rispettivo Responsabile del trattamento.<br \/>\nDiritti degli interessati<br \/>\nGli utenti\/visitatori hanno il diritto di accedere in ogni momento ai dati che li riguardano e di esercitare gli altri diritti (chiedere l\u2019origine dei dati, la correzione, l\u2019aggiornamento o l\u2019integrazione dei dati inesatti o incompleti, ovvero la cancellazione o il blocco per quelli trattati in violazione di legge, o ancora opporsi al loro utilizzo per motivi legittimi) previsti dall\u2019articolo 7 del Codice privacy contattando gratuitamente i numeri telefonici 187 (per i clienti consumer di rete fissa), 119 (per i clienti consumer di rete mobile) o 191 (per i clienti business).<\/p>\n","protected":false},"excerpt":{"rendered":"<p>Responsabile per la raccolta dei dati sulle nostre pagine web: RAMtoTEC GmbH (di seguito: &#8220;noi&#8221;, &#8220;noi&#8221;) Rappresentata dall&#8217;Amministratore Delegato Fulvio Falda RAMtoTEC GmbH Edisonstrasse 16 86399, Bobingen Tel.: +49 8234 9661910 Email: office@ramtotec.com La presente Privacy Policy ha lo scopo di descrivere le modalit\u00e0 di gestione di questo Sito, in riferimento all\u2019uso dei cookie ed [&hellip;]<\/p>\n","protected":false},"author":1,"featured_media":0,"parent":0,"menu_order":0,"comment_status":"closed","ping_status":"closed","template":"","meta":{"_et_pb_use_builder":"","_et_pb_old_content":"","_et_gb_content_width":"","footnotes":""},"class_list":["post-140","page","type-page","status-publish","hentry"],"yoast_head":"<!-- This site is optimized with the Yoast SEO plugin v27.3 - https:\/\/yoast.com\/product\/yoast-seo-wordpress\/ -->\n<title>Protezione dati - RAMtoTEC<\/title>\n<meta name=\"robots\" content=\"index, follow, max-snippet:-1, max-image-preview:large, max-video-preview:-1\" \/>\n<link rel=\"canonical\" href=\"https:\/\/www.ramtotec.com\/data-protection\/\" \/>\n<meta property=\"og:locale\" content=\"it_IT\" \/>\n<meta property=\"og:type\" content=\"article\" \/>\n<meta property=\"og:title\" content=\"Protezione dati - RAMtoTEC\" \/>\n<meta property=\"og:description\" content=\"Responsabile per la raccolta dei dati sulle nostre pagine web: RAMtoTEC GmbH (di seguito: &#8220;noi&#8221;, &#8220;noi&#8221;) Rappresentata dall&#8217;Amministratore Delegato Fulvio Falda RAMtoTEC GmbH Edisonstrasse 16 86399, Bobingen Tel.: +49 8234 9661910 Email: office@ramtotec.com La presente Privacy Policy ha lo scopo di descrivere le modalit\u00e0 di gestione di questo Sito, in riferimento all\u2019uso dei cookie ed [&hellip;]\" \/>\n<meta property=\"og:url\" content=\"https:\/\/www.ramtotec.com\/data-protection\/\" \/>\n<meta property=\"og:site_name\" content=\"RAMtoTEC\" \/>\n<meta property=\"article:modified_time\" content=\"2018-05-23T16:51:48+00:00\" \/>\n<meta name=\"twitter:card\" content=\"summary_large_image\" \/>\n<meta name=\"twitter:label1\" content=\"Tempo di lettura stimato\" \/>\n\t<meta name=\"twitter:data1\" content=\"9 minuti\" \/>\n<script type=\"application\/ld+json\" class=\"yoast-schema-graph\">{\"@context\":\"https:\\\/\\\/schema.org\",\"@graph\":[{\"@type\":\"WebPage\",\"@id\":\"https:\\\/\\\/www.ramtotec.com\\\/data-protection\\\/\",\"url\":\"https:\\\/\\\/www.ramtotec.com\\\/data-protection\\\/\",\"name\":\"Protezione dati - RAMtoTEC\",\"isPartOf\":{\"@id\":\"https:\\\/\\\/www.ramtotec.com\\\/#website\"},\"datePublished\":\"2017-12-02T17:33:00+00:00\",\"dateModified\":\"2018-05-23T16:51:48+00:00\",\"breadcrumb\":{\"@id\":\"https:\\\/\\\/www.ramtotec.com\\\/data-protection\\\/#breadcrumb\"},\"inLanguage\":\"it-IT\",\"potentialAction\":[{\"@type\":\"ReadAction\",\"target\":[\"https:\\\/\\\/www.ramtotec.com\\\/data-protection\\\/\"]}]},{\"@type\":\"BreadcrumbList\",\"@id\":\"https:\\\/\\\/www.ramtotec.com\\\/data-protection\\\/#breadcrumb\",\"itemListElement\":[{\"@type\":\"ListItem\",\"position\":1,\"name\":\"Home\",\"item\":\"https:\\\/\\\/www.ramtotec.com\\\/it\\\/\"},{\"@type\":\"ListItem\",\"position\":2,\"name\":\"Protezione dati\"}]},{\"@type\":\"WebSite\",\"@id\":\"https:\\\/\\\/www.ramtotec.com\\\/#website\",\"url\":\"https:\\\/\\\/www.ramtotec.com\\\/\",\"name\":\"RAMtoTEC\",\"description\":\"What do you exactly know?\",\"publisher\":{\"@id\":\"https:\\\/\\\/www.ramtotec.com\\\/#organization\"},\"potentialAction\":[{\"@type\":\"SearchAction\",\"target\":{\"@type\":\"EntryPoint\",\"urlTemplate\":\"https:\\\/\\\/www.ramtotec.com\\\/?s={search_term_string}\"},\"query-input\":{\"@type\":\"PropertyValueSpecification\",\"valueRequired\":true,\"valueName\":\"search_term_string\"}}],\"inLanguage\":\"it-IT\"},{\"@type\":\"Organization\",\"@id\":\"https:\\\/\\\/www.ramtotec.com\\\/#organization\",\"name\":\"RAMtoTEC\",\"url\":\"https:\\\/\\\/www.ramtotec.com\\\/\",\"logo\":{\"@type\":\"ImageObject\",\"inLanguage\":\"it-IT\",\"@id\":\"https:\\\/\\\/www.ramtotec.com\\\/#\\\/schema\\\/logo\\\/image\\\/\",\"url\":\"https:\\\/\\\/www.ramtotec.com\\\/wp-content\\\/uploads\\\/2017\\\/12\\\/RAMtoTEC_Logo.jpg\",\"contentUrl\":\"https:\\\/\\\/www.ramtotec.com\\\/wp-content\\\/uploads\\\/2017\\\/12\\\/RAMtoTEC_Logo.jpg\",\"width\":751,\"height\":450,\"caption\":\"RAMtoTEC\"},\"image\":{\"@id\":\"https:\\\/\\\/www.ramtotec.com\\\/#\\\/schema\\\/logo\\\/image\\\/\"}}]}<\/script>\n<!-- \/ Yoast SEO plugin. -->","yoast_head_json":{"title":"Protezione dati - RAMtoTEC","robots":{"index":"index","follow":"follow","max-snippet":"max-snippet:-1","max-image-preview":"max-image-preview:large","max-video-preview":"max-video-preview:-1"},"canonical":"https:\/\/www.ramtotec.com\/data-protection\/","og_locale":"it_IT","og_type":"article","og_title":"Protezione dati - RAMtoTEC","og_description":"Responsabile per la raccolta dei dati sulle nostre pagine web: RAMtoTEC GmbH (di seguito: &#8220;noi&#8221;, &#8220;noi&#8221;) Rappresentata dall&#8217;Amministratore Delegato Fulvio Falda RAMtoTEC GmbH Edisonstrasse 16 86399, Bobingen Tel.: +49 8234 9661910 Email: office@ramtotec.com La presente Privacy Policy ha lo scopo di descrivere le modalit\u00e0 di gestione di questo Sito, in riferimento all\u2019uso dei cookie ed [&hellip;]","og_url":"https:\/\/www.ramtotec.com\/data-protection\/","og_site_name":"RAMtoTEC","article_modified_time":"2018-05-23T16:51:48+00:00","twitter_card":"summary_large_image","twitter_misc":{"Tempo di lettura stimato":"9 minuti"},"schema":{"@context":"https:\/\/schema.org","@graph":[{"@type":"WebPage","@id":"https:\/\/www.ramtotec.com\/data-protection\/","url":"https:\/\/www.ramtotec.com\/data-protection\/","name":"Protezione dati - RAMtoTEC","isPartOf":{"@id":"https:\/\/www.ramtotec.com\/#website"},"datePublished":"2017-12-02T17:33:00+00:00","dateModified":"2018-05-23T16:51:48+00:00","breadcrumb":{"@id":"https:\/\/www.ramtotec.com\/data-protection\/#breadcrumb"},"inLanguage":"it-IT","potentialAction":[{"@type":"ReadAction","target":["https:\/\/www.ramtotec.com\/data-protection\/"]}]},{"@type":"BreadcrumbList","@id":"https:\/\/www.ramtotec.com\/data-protection\/#breadcrumb","itemListElement":[{"@type":"ListItem","position":1,"name":"Home","item":"https:\/\/www.ramtotec.com\/it\/"},{"@type":"ListItem","position":2,"name":"Protezione dati"}]},{"@type":"WebSite","@id":"https:\/\/www.ramtotec.com\/#website","url":"https:\/\/www.ramtotec.com\/","name":"RAMtoTEC","description":"What do you exactly know?","publisher":{"@id":"https:\/\/www.ramtotec.com\/#organization"},"potentialAction":[{"@type":"SearchAction","target":{"@type":"EntryPoint","urlTemplate":"https:\/\/www.ramtotec.com\/?s={search_term_string}"},"query-input":{"@type":"PropertyValueSpecification","valueRequired":true,"valueName":"search_term_string"}}],"inLanguage":"it-IT"},{"@type":"Organization","@id":"https:\/\/www.ramtotec.com\/#organization","name":"RAMtoTEC","url":"https:\/\/www.ramtotec.com\/","logo":{"@type":"ImageObject","inLanguage":"it-IT","@id":"https:\/\/www.ramtotec.com\/#\/schema\/logo\/image\/","url":"https:\/\/www.ramtotec.com\/wp-content\/uploads\/2017\/12\/RAMtoTEC_Logo.jpg","contentUrl":"https:\/\/www.ramtotec.com\/wp-content\/uploads\/2017\/12\/RAMtoTEC_Logo.jpg","width":751,"height":450,"caption":"RAMtoTEC"},"image":{"@id":"https:\/\/www.ramtotec.com\/#\/schema\/logo\/image\/"}}]}},"_links":{"self":[{"href":"https:\/\/www.ramtotec.com\/it\/wp-json\/wp\/v2\/pages\/140","targetHints":{"allow":["GET"]}}],"collection":[{"href":"https:\/\/www.ramtotec.com\/it\/wp-json\/wp\/v2\/pages"}],"about":[{"href":"https:\/\/www.ramtotec.com\/it\/wp-json\/wp\/v2\/types\/page"}],"author":[{"embeddable":true,"href":"https:\/\/www.ramtotec.com\/it\/wp-json\/wp\/v2\/users\/1"}],"replies":[{"embeddable":true,"href":"https:\/\/www.ramtotec.com\/it\/wp-json\/wp\/v2\/comments?post=140"}],"version-history":[{"count":1,"href":"https:\/\/www.ramtotec.com\/it\/wp-json\/wp\/v2\/pages\/140\/revisions"}],"predecessor-version":[{"id":593,"href":"https:\/\/www.ramtotec.com\/it\/wp-json\/wp\/v2\/pages\/140\/revisions\/593"}],"wp:attachment":[{"href":"https:\/\/www.ramtotec.com\/it\/wp-json\/wp\/v2\/media?parent=140"}],"curies":[{"name":"wp","href":"https:\/\/api.w.org\/{rel}","templated":true}]}}